{"id":1376,"date":"2025-08-27T00:51:27","date_gmt":"2025-08-27T00:51:27","guid":{"rendered":"https:\/\/tropicaladventures.com.ec\/site\/?post_type=product&#038;p=1376"},"modified":"2025-10-17T08:25:38","modified_gmt":"2025-10-17T14:25:38","slug":"tour-isla-tortuga-avistamiento-de-aves-snorkel-y-pesca","status":"publish","type":"product","link":"https:\/\/tropicaladventures.com.ec\/site\/product\/tour-isla-tortuga-avistamiento-de-aves-snorkel-y-pesca\/","title":{"rendered":"Tour Isla Tortuga (Avistamiento de aves, snorkel y pesca)"},"content":{"rendered":"<p>Ubicado a 30 minutos de Puerto Villamil, la isla Tortuga es considerado uno de los sitios m\u00e1s importantes de anidaci\u00f3n de aves marinas y costeras de Gal\u00e1pagos como fragatas, gaviotas de lava, y el p\u00e1jaro tropical, este sitio ciento de a\u00f1os atr\u00e1s fue un volc\u00e1n que por la erosi\u00f3n y oleaje colapso parte del cr\u00e1ter formando as\u00ed un sitio submarino tambi\u00e9n muy interesante para observar mientras realizan snorkel tortugas marinas, manta rayas y card\u00famenes de peces de profundidad que se acercan a estas costas a alimentarse.<\/p>\n<p>Luego visitaremos Loberia Grande, hermosa ensenada ubicado cerca de Puerto Villamil en donde realizaremos snorkel para disfrutar de peces, tortugas marinas y tiburones.<\/p>\n","protected":false},"excerpt":{"rendered":"<p>Ubicado a 30 minutos de Puerto Villamil, la isla Tortuga es considerado uno de los sitios m\u00e1s importantes de anidaci\u00f3n de aves marinas y costeras de Gal\u00e1pagos como fragatas, gaviotas de lava, y el p\u00e1jaro tropical, este sitio ciento de a\u00f1os atr\u00e1s fue un volc\u00e1n que por la erosi\u00f3n y oleaje colapso parte del cr\u00e1ter [&hellip;]<\/p>\n","protected":false},"featured_media":1085,"comment_status":"open","ping_status":"closed","template":"","meta":[],"product_brand":[],"product_cat":[17],"product_tag":[],"class_list":{"0":"post-1376","1":"product","2":"type-product","3":"status-publish","4":"has-post-thumbnail","6":"product_cat-uncategorized","8":"first","9":"instock","10":"virtual","11":"sold-individually","12":"purchasable","13":"product-type-booking"},"_links":{"self":[{"href":"https:\/\/tropicaladventures.com.ec\/site\/wp-json\/wp\/v2\/product\/1376","targetHints":{"allow":["GET"]}}],"collection":[{"href":"https:\/\/tropicaladventures.com.ec\/site\/wp-json\/wp\/v2\/product"}],"about":[{"href":"https:\/\/tropicaladventures.com.ec\/site\/wp-json\/wp\/v2\/types\/product"}],"replies":[{"embeddable":true,"href":"https:\/\/tropicaladventures.com.ec\/site\/wp-json\/wp\/v2\/comments?post=1376"}],"wp:featuredmedia":[{"embeddable":true,"href":"https:\/\/tropicaladventures.com.ec\/site\/wp-json\/wp\/v2\/media\/1085"}],"wp:attachment":[{"href":"https:\/\/tropicaladventures.com.ec\/site\/wp-json\/wp\/v2\/media?parent=1376"}],"wp:term":[{"taxonomy":"product_brand","embeddable":true,"href":"https:\/\/tropicaladventures.com.ec\/site\/wp-json\/wp\/v2\/product_brand?post=1376"},{"taxonomy":"product_cat","embeddable":true,"href":"https:\/\/tropicaladventures.com.ec\/site\/wp-json\/wp\/v2\/product_cat?post=1376"},{"taxonomy":"product_tag","embeddable":true,"href":"https:\/\/tropicaladventures.com.ec\/site\/wp-json\/wp\/v2\/product_tag?post=1376"}],"curies":[{"name":"wp","href":"https:\/\/api.w.org\/{rel}","templated":true}]}}