{"id":1408,"date":"2025-08-26T20:09:09","date_gmt":"2025-08-27T02:09:09","guid":{"rendered":"https:\/\/tropicaladventures.com.ec\/site\/?post_type=product&#038;p=1408"},"modified":"2025-10-27T22:20:03","modified_gmt":"2025-10-28T04:20:03","slug":"tour-los-tuneles-el-finado-cabo-rosa-snorkel-y-caminata","status":"publish","type":"product","link":"https:\/\/tropicaladventures.com.ec\/site\/product\/tour-los-tuneles-el-finado-cabo-rosa-snorkel-y-caminata\/","title":{"rendered":"Tour Los T\u00faneles \/ El Finado \u2013 Cabo Rosa (Snorkel y caminata)"},"content":{"rendered":"<p>Ubicada a 40 minutos de Puerto Villamil, nuestro primer sitio de visita es Roca Uni\u00f3n lugar en donde realizaremos el avistamiento del piquero enmascarado, luego nos dirigiremos a los T\u00faneles, este sitio geol\u00f3gico \u00fanico se form\u00f3 por la lava emanada del volc\u00e1n Sierra Negra creando de manera natural puentes, arcos, tubos y t\u00faneles sobre y bajo el agua. En este sitio podemos disfrutar de una corta caminata de 10 \u2013 15 minutos para la observaci\u00f3n de las formaciones volc\u00e1nicas y aves.<\/p>\n<p>Luego visitaremos El Finado, ensenada escondida de aguas cristalinas y tranquilas donde podr\u00e1n hacer snorkel entre los manglares y disfrutar nadando cerca de tortugas marinas, peces de arrecife, rayas y tiburones que descansan en este sitio.<\/p>\n","protected":false},"excerpt":{"rendered":"<p>Ubicada a 40 minutos de Puerto Villamil, nuestro primer sitio de visita es Roca Uni\u00f3n lugar en donde realizaremos el avistamiento del piquero enmascarado, luego nos dirigiremos a los T\u00faneles, este sitio geol\u00f3gico \u00fanico se form\u00f3 por la lava emanada del volc\u00e1n Sierra Negra creando de manera natural puentes, arcos, tubos y t\u00faneles sobre y [&hellip;]<\/p>\n","protected":false},"featured_media":1597,"comment_status":"open","ping_status":"closed","template":"","meta":[],"product_brand":[],"product_cat":[17],"product_tag":[],"class_list":{"0":"post-1408","1":"product","2":"type-product","3":"status-publish","4":"has-post-thumbnail","6":"product_cat-uncategorized","8":"first","9":"instock","10":"virtual","11":"sold-individually","12":"purchasable","13":"product-type-booking"},"_links":{"self":[{"href":"https:\/\/tropicaladventures.com.ec\/site\/wp-json\/wp\/v2\/product\/1408","targetHints":{"allow":["GET"]}}],"collection":[{"href":"https:\/\/tropicaladventures.com.ec\/site\/wp-json\/wp\/v2\/product"}],"about":[{"href":"https:\/\/tropicaladventures.com.ec\/site\/wp-json\/wp\/v2\/types\/product"}],"replies":[{"embeddable":true,"href":"https:\/\/tropicaladventures.com.ec\/site\/wp-json\/wp\/v2\/comments?post=1408"}],"wp:featuredmedia":[{"embeddable":true,"href":"https:\/\/tropicaladventures.com.ec\/site\/wp-json\/wp\/v2\/media\/1597"}],"wp:attachment":[{"href":"https:\/\/tropicaladventures.com.ec\/site\/wp-json\/wp\/v2\/media?parent=1408"}],"wp:term":[{"taxonomy":"product_brand","embeddable":true,"href":"https:\/\/tropicaladventures.com.ec\/site\/wp-json\/wp\/v2\/product_brand?post=1408"},{"taxonomy":"product_cat","embeddable":true,"href":"https:\/\/tropicaladventures.com.ec\/site\/wp-json\/wp\/v2\/product_cat?post=1408"},{"taxonomy":"product_tag","embeddable":true,"href":"https:\/\/tropicaladventures.com.ec\/site\/wp-json\/wp\/v2\/product_tag?post=1408"}],"curies":[{"name":"wp","href":"https:\/\/api.w.org\/{rel}","templated":true}]}}