{"id":1410,"date":"2025-08-26T20:14:49","date_gmt":"2025-08-27T02:14:49","guid":{"rendered":"https:\/\/tropicaladventures.com.ec\/site\/?post_type=product&#038;p=1410"},"modified":"2025-10-27T21:58:22","modified_gmt":"2025-10-28T03:58:22","slug":"tour-volcan-sierra-negra-y-volcan-chico-caminata","status":"publish","type":"product","link":"https:\/\/tropicaladventures.com.ec\/site\/product\/tour-volcan-sierra-negra-y-volcan-chico-caminata\/","title":{"rendered":"Tour Volc\u00e1n Sierra Negra y Volc\u00e1n Chico (Caminata)"},"content":{"rendered":"<p>Muy temprano en la ma\u00f1ana tomaremos un carro que los transportara por 30 minutos a la parte alta de la isla para la visita, durante el camino observaran las diferentes zonas que componen Isabela, cada una con su vegetaci\u00f3n y fauna t\u00edpica del \u00e1rea.<\/p>\n<p>La visita al volc\u00e1n toma aproximadamente de 4 a 5 horas de caminata (ida y vuelta), con un clima variante que puede ir de un sol esplendoroso y luego cambiar a una garua intensa con neblina por lo que sugerimos ir preparados con bloqueador solar, gorra o sombrero, ropa y zapatos c\u00f3modos para caminata, impermeables y llevar suficiente agua. El cr\u00e1ter del volc\u00e1n Sierra Negra tiene un di\u00e1metro de 10km y est\u00e1 ubicado a 1.100 msnm. En Volc\u00e1n Chico tendr\u00e1 una vista volc\u00e1nica espectacular del sur de la Isla Isabela y de los islotes que la rodean, adem\u00e1s podr\u00e1n observa al halc\u00f3n de Gal\u00e1pagos y aves de la zona.<\/p>\n","protected":false},"excerpt":{"rendered":"<p>Muy temprano en la ma\u00f1ana tomaremos un carro que los transportara por 30 minutos a la parte alta de la isla para la visita, durante el camino observaran las diferentes zonas que componen Isabela, cada una con su vegetaci\u00f3n y fauna t\u00edpica del \u00e1rea. La visita al volc\u00e1n toma aproximadamente de 4 a 5 horas [&hellip;]<\/p>\n","protected":false},"featured_media":1179,"comment_status":"open","ping_status":"closed","template":"","meta":[],"product_brand":[],"product_cat":[17],"product_tag":[],"class_list":{"0":"post-1410","1":"product","2":"type-product","3":"status-publish","4":"has-post-thumbnail","6":"product_cat-uncategorized","8":"first","9":"instock","10":"virtual","11":"sold-individually","12":"purchasable","13":"product-type-booking"},"_links":{"self":[{"href":"https:\/\/tropicaladventures.com.ec\/site\/wp-json\/wp\/v2\/product\/1410","targetHints":{"allow":["GET"]}}],"collection":[{"href":"https:\/\/tropicaladventures.com.ec\/site\/wp-json\/wp\/v2\/product"}],"about":[{"href":"https:\/\/tropicaladventures.com.ec\/site\/wp-json\/wp\/v2\/types\/product"}],"replies":[{"embeddable":true,"href":"https:\/\/tropicaladventures.com.ec\/site\/wp-json\/wp\/v2\/comments?post=1410"}],"wp:featuredmedia":[{"embeddable":true,"href":"https:\/\/tropicaladventures.com.ec\/site\/wp-json\/wp\/v2\/media\/1179"}],"wp:attachment":[{"href":"https:\/\/tropicaladventures.com.ec\/site\/wp-json\/wp\/v2\/media?parent=1410"}],"wp:term":[{"taxonomy":"product_brand","embeddable":true,"href":"https:\/\/tropicaladventures.com.ec\/site\/wp-json\/wp\/v2\/product_brand?post=1410"},{"taxonomy":"product_cat","embeddable":true,"href":"https:\/\/tropicaladventures.com.ec\/site\/wp-json\/wp\/v2\/product_cat?post=1410"},{"taxonomy":"product_tag","embeddable":true,"href":"https:\/\/tropicaladventures.com.ec\/site\/wp-json\/wp\/v2\/product_tag?post=1410"}],"curies":[{"name":"wp","href":"https:\/\/api.w.org\/{rel}","templated":true}]}}