{"id":1411,"date":"2025-08-26T20:23:05","date_gmt":"2025-08-27T02:23:05","guid":{"rendered":"https:\/\/tropicaladventures.com.ec\/site\/?post_type=product&#038;p=1411"},"modified":"2025-10-27T21:40:28","modified_gmt":"2025-10-28T03:40:28","slug":"tour-tintoreras-caminata-y-snorkel","status":"publish","type":"product","link":"https:\/\/tropicaladventures.com.ec\/site\/product\/tour-tintoreras-caminata-y-snorkel\/","title":{"rendered":"Tour Tintoreras (Caminata y snorkel)"},"content":{"rendered":"<p>Luego de tomar nuestra embarcaci\u00f3n en muy poco minutos arribaremos a Las Tintoreras: peque\u00f1o islote ubicado frente a Puerto Villamil, en donde podr\u00e1n observar ping\u00fcinos y piqueros de patas azules, as\u00ed como tambi\u00e9n realizaremos una corta caminata de aproximadamente 30 minutos para visitar una grieta de agua tranquila y transparente en donde observaremos descansando tiburones de aleta blanca o tintoreras quienes les dan el nombre a este lugar, adem\u00e1s visitaremos colonias de iguanas marinas y lobos marinos.<\/p>\n<p>Luego nos dirigiremos a la Calera para hacer buceo de superficie (snorkel) y observar una gran variedad de peces de arrecifes y tortugas marina.<\/p>\n","protected":false},"excerpt":{"rendered":"<p>Luego de tomar nuestra embarcaci\u00f3n en muy poco minutos arribaremos a Las Tintoreras: peque\u00f1o islote ubicado frente a Puerto Villamil, en donde podr\u00e1n observar ping\u00fcinos y piqueros de patas azules, as\u00ed como tambi\u00e9n realizaremos una corta caminata de aproximadamente 30 minutos para visitar una grieta de agua tranquila y transparente en donde observaremos descansando tiburones [&hellip;]<\/p>\n","protected":false},"featured_media":1575,"comment_status":"open","ping_status":"closed","template":"","meta":[],"product_brand":[],"product_cat":[17],"product_tag":[],"class_list":{"0":"post-1411","1":"product","2":"type-product","3":"status-publish","4":"has-post-thumbnail","6":"product_cat-uncategorized","8":"first","9":"instock","10":"virtual","11":"sold-individually","12":"purchasable","13":"product-type-booking"},"_links":{"self":[{"href":"https:\/\/tropicaladventures.com.ec\/site\/wp-json\/wp\/v2\/product\/1411","targetHints":{"allow":["GET"]}}],"collection":[{"href":"https:\/\/tropicaladventures.com.ec\/site\/wp-json\/wp\/v2\/product"}],"about":[{"href":"https:\/\/tropicaladventures.com.ec\/site\/wp-json\/wp\/v2\/types\/product"}],"replies":[{"embeddable":true,"href":"https:\/\/tropicaladventures.com.ec\/site\/wp-json\/wp\/v2\/comments?post=1411"}],"wp:featuredmedia":[{"embeddable":true,"href":"https:\/\/tropicaladventures.com.ec\/site\/wp-json\/wp\/v2\/media\/1575"}],"wp:attachment":[{"href":"https:\/\/tropicaladventures.com.ec\/site\/wp-json\/wp\/v2\/media?parent=1411"}],"wp:term":[{"taxonomy":"product_brand","embeddable":true,"href":"https:\/\/tropicaladventures.com.ec\/site\/wp-json\/wp\/v2\/product_brand?post=1411"},{"taxonomy":"product_cat","embeddable":true,"href":"https:\/\/tropicaladventures.com.ec\/site\/wp-json\/wp\/v2\/product_cat?post=1411"},{"taxonomy":"product_tag","embeddable":true,"href":"https:\/\/tropicaladventures.com.ec\/site\/wp-json\/wp\/v2\/product_tag?post=1411"}],"curies":[{"name":"wp","href":"https:\/\/api.w.org\/{rel}","templated":true}]}}