{"id":1428,"date":"2025-08-26T21:03:09","date_gmt":"2025-08-27T03:03:09","guid":{"rendered":"https:\/\/tropicaladventures.com.ec\/site\/?post_type=product&#038;p=1428"},"modified":"2025-10-27T21:33:25","modified_gmt":"2025-10-28T03:33:25","slug":"cueva-sucre-mirador-el-mango-y-campo-duro-caminata-observacion-de-flora-y-fauna","status":"publish","type":"product","link":"https:\/\/tropicaladventures.com.ec\/site\/product\/cueva-sucre-mirador-el-mango-y-campo-duro-caminata-observacion-de-flora-y-fauna\/","title":{"rendered":"Cueva Sucre, Mirador el Mango y Campo Duro (Caminata, observacion de flora y fauna)"},"content":{"rendered":"<p>Iniciamos con nuestro recorrido por la zona alta de la isla Isabela, Cueva Sucre se encuentra ubicada en la zona agr\u00edcola aproximadamente a 14 km de Puerto Villamil. Este t\u00fanel de lava est\u00e1 rodeado de una vegetaci\u00f3n t\u00edpica de la zona h\u00fameda, como lo l\u00edquenes que se encuentran en su interior y que al ser alumbrados toman una tonalidad brillante parecido al oro. Muy cerca de la cueva podemos visitar un vivero forestal utilizado para la reproducci\u00f3n de plantas nativas y end\u00e9micas.<\/p>\n<p>Luego visitaremos Campo Duro Ecolodge para aprender un poco m\u00e1s de las maravillosas tortugas gigantes, animales emblem\u00e1ticos de las islas Gal\u00e1pagos.<\/p>\n<p>Finalmente iremos hasta el mirador \u201cEl Mango\u201d, conocido as\u00ed por un gran \u00e1rbol de mango que se encuentra muy cerca de este mirador, desde donde podemos observar la parte sur de Isabela, as\u00ed como tambi\u00e9n la isla Floreana y la isla Santa Cruz<\/p>\n","protected":false},"excerpt":{"rendered":"<p>Iniciamos con nuestro recorrido por la zona alta de la isla Isabela, Cueva Sucre se encuentra ubicada en la zona agr\u00edcola aproximadamente a 14 km de Puerto Villamil. Este t\u00fanel de lava est\u00e1 rodeado de una vegetaci\u00f3n t\u00edpica de la zona h\u00fameda, como lo l\u00edquenes que se encuentran en su interior y que al ser [&hellip;]<\/p>\n","protected":false},"featured_media":1569,"comment_status":"open","ping_status":"closed","template":"","meta":[],"product_brand":[],"product_cat":[17],"product_tag":[],"class_list":{"0":"post-1428","1":"product","2":"type-product","3":"status-publish","4":"has-post-thumbnail","6":"product_cat-uncategorized","8":"first","9":"instock","10":"virtual","11":"sold-individually","12":"purchasable","13":"product-type-booking"},"_links":{"self":[{"href":"https:\/\/tropicaladventures.com.ec\/site\/wp-json\/wp\/v2\/product\/1428","targetHints":{"allow":["GET"]}}],"collection":[{"href":"https:\/\/tropicaladventures.com.ec\/site\/wp-json\/wp\/v2\/product"}],"about":[{"href":"https:\/\/tropicaladventures.com.ec\/site\/wp-json\/wp\/v2\/types\/product"}],"replies":[{"embeddable":true,"href":"https:\/\/tropicaladventures.com.ec\/site\/wp-json\/wp\/v2\/comments?post=1428"}],"wp:featuredmedia":[{"embeddable":true,"href":"https:\/\/tropicaladventures.com.ec\/site\/wp-json\/wp\/v2\/media\/1569"}],"wp:attachment":[{"href":"https:\/\/tropicaladventures.com.ec\/site\/wp-json\/wp\/v2\/media?parent=1428"}],"wp:term":[{"taxonomy":"product_brand","embeddable":true,"href":"https:\/\/tropicaladventures.com.ec\/site\/wp-json\/wp\/v2\/product_brand?post=1428"},{"taxonomy":"product_cat","embeddable":true,"href":"https:\/\/tropicaladventures.com.ec\/site\/wp-json\/wp\/v2\/product_cat?post=1428"},{"taxonomy":"product_tag","embeddable":true,"href":"https:\/\/tropicaladventures.com.ec\/site\/wp-json\/wp\/v2\/product_tag?post=1428"}],"curies":[{"name":"wp","href":"https:\/\/api.w.org\/{rel}","templated":true}]}}