{"id":1535,"date":"2025-10-17T08:27:15","date_gmt":"2025-10-17T14:27:15","guid":{"rendered":"https:\/\/tropicaladventures.com.ec\/site\/?post_type=product&#038;p=1535"},"modified":"2025-10-27T21:49:07","modified_gmt":"2025-10-28T03:49:07","slug":"tour-playa-cormoran-avistamiento-de-aves-y-snorkel","status":"publish","type":"product","link":"https:\/\/tropicaladventures.com.ec\/site\/product\/tour-playa-cormoran-avistamiento-de-aves-y-snorkel\/","title":{"rendered":"Tour Playa Cormoran  (Avistamiento de aves y snorkel)"},"content":{"rendered":"<p>Emb\u00e1rquese en un viaje exclusivo a la Playa de los Cormoranes, una joya escondida en la costa oeste de la isla Isabela, santuario remoto de imponentes acantilados y playas v\u00edrgenes que antes era accesible solo a bordo de crucero y que ahora les da la bienvenida a los aventureros que disfrutan de las maravillas de la naturaleza.<\/p>\n<p>Prep\u00e1rese para descubrir al impresionante cormoran no volador y al ping\u00fcino de Gal\u00e1pagos que habitan en esta zona de lava y aguas<br \/>\nturquesas rodeada de abundante vida marina como peces tropicales, rayas y tortugas marinas. Adem\u00e1s durante el trayecto observaremos<br \/>\norcas, lobos peleteros y aves marinas que contribuyen a\u00fan m\u00e1s a la belleza de este para\u00edso pristino y natural.<\/p>\n","protected":false},"excerpt":{"rendered":"<p>Emb\u00e1rquese en un viaje exclusivo a la Playa de los Cormoranes, una joya escondida en la costa oeste de la isla Isabela, santuario remoto de imponentes acantilados y playas v\u00edrgenes que antes era accesible solo a bordo de crucero y que ahora les da la bienvenida a los aventureros que disfrutan de las maravillas de [&hellip;]<\/p>\n","protected":false},"featured_media":1555,"comment_status":"open","ping_status":"closed","template":"","meta":[],"product_brand":[],"product_cat":[17],"product_tag":[],"class_list":{"0":"post-1535","1":"product","2":"type-product","3":"status-publish","4":"has-post-thumbnail","6":"product_cat-uncategorized","8":"first","9":"instock","10":"virtual","11":"sold-individually","12":"purchasable","13":"product-type-booking"},"_links":{"self":[{"href":"https:\/\/tropicaladventures.com.ec\/site\/wp-json\/wp\/v2\/product\/1535","targetHints":{"allow":["GET"]}}],"collection":[{"href":"https:\/\/tropicaladventures.com.ec\/site\/wp-json\/wp\/v2\/product"}],"about":[{"href":"https:\/\/tropicaladventures.com.ec\/site\/wp-json\/wp\/v2\/types\/product"}],"replies":[{"embeddable":true,"href":"https:\/\/tropicaladventures.com.ec\/site\/wp-json\/wp\/v2\/comments?post=1535"}],"wp:featuredmedia":[{"embeddable":true,"href":"https:\/\/tropicaladventures.com.ec\/site\/wp-json\/wp\/v2\/media\/1555"}],"wp:attachment":[{"href":"https:\/\/tropicaladventures.com.ec\/site\/wp-json\/wp\/v2\/media?parent=1535"}],"wp:term":[{"taxonomy":"product_brand","embeddable":true,"href":"https:\/\/tropicaladventures.com.ec\/site\/wp-json\/wp\/v2\/product_brand?post=1535"},{"taxonomy":"product_cat","embeddable":true,"href":"https:\/\/tropicaladventures.com.ec\/site\/wp-json\/wp\/v2\/product_cat?post=1535"},{"taxonomy":"product_tag","embeddable":true,"href":"https:\/\/tropicaladventures.com.ec\/site\/wp-json\/wp\/v2\/product_tag?post=1535"}],"curies":[{"name":"wp","href":"https:\/\/api.w.org\/{rel}","templated":true}]}}