{"id":1537,"date":"2025-10-17T08:34:11","date_gmt":"2025-10-17T14:34:11","guid":{"rendered":"https:\/\/tropicaladventures.com.ec\/site\/?post_type=product&#038;p=1537"},"modified":"2025-10-17T08:57:20","modified_gmt":"2025-10-17T14:57:20","slug":"tour-caleta-iguana-avistamiento-de-aves-y-snorkel","status":"publish","type":"product","link":"https:\/\/tropicaladventures.com.ec\/site\/product\/tour-caleta-iguana-avistamiento-de-aves-y-snorkel\/","title":{"rendered":"Tour Caleta Iguana  (Avistamiento de aves y snorkel)"},"content":{"rendered":"<p>Ubicado a 1 hora de Puerto Villamil, nuestro primer lugar de visita ser\u00e1 la Roca Uni\u00f3n para el avistamiento del piquero<br \/>\nenmascarado. Luego nos dirigiremos hasta Caleta Iguana, formado por acantilados llenos de mucha vegetaci\u00f3n t\u00edpica de la zona y una<br \/>\nensenada de agua cristalina que tiene una peque\u00f1a playa de arena negra ideal para nadar y hacer snorkel con tortugas marinas y<br \/>\ntiburones que hacen de este sitio su lugar de descanso, adem\u00e1s se puede observar aves como el ping\u00fcino de Gal\u00e1pagos, el cormor\u00e1n no<br \/>\nvolador y el gavil\u00e1n que vigila desde los mas alto la belleza de este para\u00edso natural.<\/p>\n<p>Tambien visitaremos Cabo Rosa, sitio geol\u00f3gico \u00fanico que se form\u00f3 por la lava emanada del volc\u00e1n Sierra Negra creando de manera<br \/>\nnatural puentes, arcos y t\u00faneles sobre y bajo el agua donde tambi\u00e9n podemos hacer snorkel y nadar cerca de tortugas marinas, peces de<br \/>\narrecife, rayas y tiburones que descansan en este sitio.<\/p>\n","protected":false},"excerpt":{"rendered":"<p>Ubicado a 1 hora de Puerto Villamil, nuestro primer lugar de visita ser\u00e1 la Roca Uni\u00f3n para el avistamiento del piquero enmascarado. Luego nos dirigiremos hasta Caleta Iguana, formado por acantilados llenos de mucha vegetaci\u00f3n t\u00edpica de la zona y una ensenada de agua cristalina que tiene una peque\u00f1a playa de arena negra ideal para [&hellip;]<\/p>\n","protected":false},"featured_media":1551,"comment_status":"open","ping_status":"closed","template":"","meta":[],"product_brand":[],"product_cat":[17],"product_tag":[],"class_list":{"0":"post-1537","1":"product","2":"type-product","3":"status-publish","4":"has-post-thumbnail","6":"product_cat-uncategorized","8":"first","9":"instock","10":"virtual","11":"sold-individually","12":"purchasable","13":"product-type-booking"},"_links":{"self":[{"href":"https:\/\/tropicaladventures.com.ec\/site\/wp-json\/wp\/v2\/product\/1537","targetHints":{"allow":["GET"]}}],"collection":[{"href":"https:\/\/tropicaladventures.com.ec\/site\/wp-json\/wp\/v2\/product"}],"about":[{"href":"https:\/\/tropicaladventures.com.ec\/site\/wp-json\/wp\/v2\/types\/product"}],"replies":[{"embeddable":true,"href":"https:\/\/tropicaladventures.com.ec\/site\/wp-json\/wp\/v2\/comments?post=1537"}],"wp:featuredmedia":[{"embeddable":true,"href":"https:\/\/tropicaladventures.com.ec\/site\/wp-json\/wp\/v2\/media\/1551"}],"wp:attachment":[{"href":"https:\/\/tropicaladventures.com.ec\/site\/wp-json\/wp\/v2\/media?parent=1537"}],"wp:term":[{"taxonomy":"product_brand","embeddable":true,"href":"https:\/\/tropicaladventures.com.ec\/site\/wp-json\/wp\/v2\/product_brand?post=1537"},{"taxonomy":"product_cat","embeddable":true,"href":"https:\/\/tropicaladventures.com.ec\/site\/wp-json\/wp\/v2\/product_cat?post=1537"},{"taxonomy":"product_tag","embeddable":true,"href":"https:\/\/tropicaladventures.com.ec\/site\/wp-json\/wp\/v2\/product_tag?post=1537"}],"curies":[{"name":"wp","href":"https:\/\/api.w.org\/{rel}","templated":true}]}}