{"id":1541,"date":"2025-10-17T08:46:51","date_gmt":"2025-10-17T14:46:51","guid":{"rendered":"https:\/\/tropicaladventures.com.ec\/site\/?post_type=product&#038;p=1541"},"modified":"2025-10-17T08:52:03","modified_gmt":"2025-10-17T14:52:03","slug":"tour-islote-tortuga-cuatro-hermanos-loberia-grande-avistamiento-de-aves-snorkel-y-pesca","status":"publish","type":"product","link":"https:\/\/tropicaladventures.com.ec\/site\/product\/tour-islote-tortuga-cuatro-hermanos-loberia-grande-avistamiento-de-aves-snorkel-y-pesca\/","title":{"rendered":"Tour Islote Tortuga, Cuatro Hermanos, Loberia Grande  (Avistamiento de aves, snorkel y pesca)"},"content":{"rendered":"<p>Nuestra primera visita empezara por islote Tortuga, considerado uno de los sitios m\u00e1s importantes de anidaci\u00f3n de aves<br \/>\nmarinas y costeras de Gal\u00e1pagos como fragatas, gaviotas de lava, y el p\u00e1jaro tropical, este sitio ciento de a\u00f1os atr\u00e1s fue un volc\u00e1n que por la erosi\u00f3n y oleaje colapso parte del cr\u00e1ter formando as\u00ed un sitio submarino tambi\u00e9n muy interesante para observar en el snorkel tortugas marinas, manta rayas, tiburones y card\u00famenes de peces.<\/p>\n<p>Luego visitaremos Cuatro Hermanos, islotes sumergidos de origen volc\u00e1nico y con forma de conos moldeados a partir de la acci\u00f3n de las olas del mar, constituyen un sector reservado por ser un santuario de aves. Es un sitio ideal para la pesca y snorkel en aguas cristalinas donde podremos observar mantarrayas, tortugas marinas, tiburones y hermosos peces tropicales. Su atractivo principal es sumergirnos para explorar la cueva que posee hermosos erizos de mar, estrellas y anemonas.<\/p>\n<p>Nuestra siguiente visita es Lober\u00eda Grande, hermosa ensenada ubicado cerca de Puerto Villamil en donde realizaremos nuestro tercer snorkel para disfrutar de peces, tortugas marinas y tiburones.<\/p>\n","protected":false},"excerpt":{"rendered":"<p>Nuestra primera visita empezara por islote Tortuga, considerado uno de los sitios m\u00e1s importantes de anidaci\u00f3n de aves marinas y costeras de Gal\u00e1pagos como fragatas, gaviotas de lava, y el p\u00e1jaro tropical, este sitio ciento de a\u00f1os atr\u00e1s fue un volc\u00e1n que por la erosi\u00f3n y oleaje colapso parte del cr\u00e1ter formando as\u00ed un sitio [&hellip;]<\/p>\n","protected":false},"featured_media":1545,"comment_status":"open","ping_status":"closed","template":"","meta":[],"product_brand":[],"product_cat":[17],"product_tag":[],"class_list":{"0":"post-1541","1":"product","2":"type-product","3":"status-publish","4":"has-post-thumbnail","6":"product_cat-uncategorized","8":"first","9":"instock","10":"virtual","11":"sold-individually","12":"purchasable","13":"product-type-booking"},"_links":{"self":[{"href":"https:\/\/tropicaladventures.com.ec\/site\/wp-json\/wp\/v2\/product\/1541","targetHints":{"allow":["GET"]}}],"collection":[{"href":"https:\/\/tropicaladventures.com.ec\/site\/wp-json\/wp\/v2\/product"}],"about":[{"href":"https:\/\/tropicaladventures.com.ec\/site\/wp-json\/wp\/v2\/types\/product"}],"replies":[{"embeddable":true,"href":"https:\/\/tropicaladventures.com.ec\/site\/wp-json\/wp\/v2\/comments?post=1541"}],"wp:featuredmedia":[{"embeddable":true,"href":"https:\/\/tropicaladventures.com.ec\/site\/wp-json\/wp\/v2\/media\/1545"}],"wp:attachment":[{"href":"https:\/\/tropicaladventures.com.ec\/site\/wp-json\/wp\/v2\/media?parent=1541"}],"wp:term":[{"taxonomy":"product_brand","embeddable":true,"href":"https:\/\/tropicaladventures.com.ec\/site\/wp-json\/wp\/v2\/product_brand?post=1541"},{"taxonomy":"product_cat","embeddable":true,"href":"https:\/\/tropicaladventures.com.ec\/site\/wp-json\/wp\/v2\/product_cat?post=1541"},{"taxonomy":"product_tag","embeddable":true,"href":"https:\/\/tropicaladventures.com.ec\/site\/wp-json\/wp\/v2\/product_tag?post=1541"}],"curies":[{"name":"wp","href":"https:\/\/api.w.org\/{rel}","templated":true}]}}